{"id":737,"date":"2024-04-01T17:41:35","date_gmt":"2024-04-01T15:41:35","guid":{"rendered":"https:\/\/oralharmonydentists.com\/?page_id=737"},"modified":"2024-04-05T18:27:33","modified_gmt":"2024-04-05T16:27:33","slug":"politicas-de-privacidad","status":"publish","type":"page","link":"https:\/\/oralharmonydentists.com\/es\/politicas-de-privacidad\/","title":{"rendered":"Pol\u00edticas de privacidad"},"content":{"rendered":"<p>[et_pb_section fb_built=\u00bb1&#8243; custom_padding_last_edited=\u00bbon|desktop\u00bb _builder_version=\u00bb4.24.2&#8243; _module_preset=\u00bbdefault\u00bb background_color=\u00bbRGBA(255,255,255,0)\u00bb custom_padding=\u00bb5%|6%|6%|6%|false|true\u00bb custom_padding_tablet=\u00bb4%|6%|8%|6%|false|true\u00bb custom_padding_phone=\u00bb10%||14%||false|false\u00bb hover_enabled=\u00bb0&#8243; locked=\u00bboff\u00bb global_colors_info=\u00bb{}\u00bb custom_margin_last_edited=\u00bbon|phone\u00bb custom_margin_phone=\u00bb24%||||false|false\u00bb sticky_enabled=\u00bb0&#8243;][et_pb_row make_equal=\u00bbon\u00bb _builder_version=\u00bb4.24.2&#8243; _module_preset=\u00bbdefault\u00bb width=\u00bb100%\u00bb max_width=\u00bb100%\u00bb custom_padding=\u00bb0px|0px|0px|0px|false|true\u00bb custom_css_main_element=\u00bbalign-items:center;\u00bb global_colors_info=\u00bb{}\u00bb][et_pb_column type=\u00bb4_4&#8243; _builder_version=\u00bb4.24.2&#8243; _module_preset=\u00bbdefault\u00bb global_colors_info=\u00bb{}\u00bb][et_pb_text _builder_version=\u00bb4.24.2&#8243; _module_preset=\u00bbdefault\u00bb header_font=\u00bbpathway-extreme-bold|700|||||||\u00bb header_text_align=\u00bbleft\u00bb header_text_color=\u00bb#1A1A1A\u00bb header_2_font=\u00bbpathway-extreme-bold|700|||||||\u00bb header_2_text_align=\u00bbleft\u00bb header_2_text_color=\u00bb#1A1A1A\u00bb header_2_font_size=\u00bb50px\u00bb header_font_size_tablet=\u00bb\u00bb header_font_size_phone=\u00bb46px\u00bb header_font_size_last_edited=\u00bbon|phone\u00bb header_2_font_size_tablet=\u00bb50px\u00bb header_2_font_size_phone=\u00bb38px\u00bb header_2_font_size_last_edited=\u00bbon|phone\u00bb text_orientation_tablet=\u00bbcenter\u00bb text_orientation_phone=\u00bbcenter\u00bb text_orientation_last_edited=\u00bbon|desktop\u00bb global_colors_info=\u00bb{}\u00bb]<\/p>\n<h2>Pol\u00edtica de Privacidad:<\/h2>\n<p>[\/et_pb_text][et_pb_text _builder_version=\u00bb4.24.2&#8243; _module_preset=\u00bbdefault\u00bb text_font=\u00bbpathway-regular||||||||\u00bb text_text_color=\u00bb#1A1A1A\u00bb text_font_size=\u00bb18px\u00bb text_font_size_tablet=\u00bb18px\u00bb text_font_size_phone=\u00bb18px\u00bb text_font_size_last_edited=\u00bbon|desktop\u00bb text_orientation_tablet=\u00bbleft\u00bb text_orientation_phone=\u00bbleft\u00bb text_orientation_last_edited=\u00bbon|phone\u00bb global_colors_info=\u00bb{}\u00bb]<\/p>\n<p>&#8211; Recopilamos informaci\u00f3n personal solo con su consentimiento para brindar servicios odontol\u00f3gicos y mejorar su experiencia en nuestro sitio web.<\/p>\n<p>&#8211; Garantizamos la confidencialidad de sus datos y no los compartiremos con terceros sin su autorizaci\u00f3n, salvo requerimiento legal.<\/p>\n<p>[\/et_pb_text][et_pb_text _builder_version=\u00bb4.24.2&#8243; _module_preset=\u00bbdefault\u00bb header_font=\u00bbpathway-extreme-bold|700|||||||\u00bb header_text_align=\u00bbleft\u00bb header_text_color=\u00bb#1A1A1A\u00bb header_2_font=\u00bbpathway-extreme-bold|700|||||||\u00bb header_2_text_align=\u00bbleft\u00bb header_2_text_color=\u00bb#1A1A1A\u00bb header_2_font_size=\u00bb50px\u00bb header_font_size_tablet=\u00bb\u00bb header_font_size_phone=\u00bb46px\u00bb header_font_size_last_edited=\u00bbon|phone\u00bb header_2_font_size_tablet=\u00bb50px\u00bb header_2_font_size_phone=\u00bb38px\u00bb header_2_font_size_last_edited=\u00bbon|phone\u00bb text_orientation_tablet=\u00bbcenter\u00bb text_orientation_phone=\u00bbcenter\u00bb text_orientation_last_edited=\u00bbon|desktop\u00bb global_colors_info=\u00bb{}\u00bb]<\/p>\n<h2>T\u00e9rminos y Condiciones:<\/h2>\n<p>[\/et_pb_text][et_pb_text _builder_version=\u00bb4.24.2&#8243; _module_preset=\u00bbdefault\u00bb text_font=\u00bbpathway-regular||||||||\u00bb text_text_color=\u00bb#1A1A1A\u00bb text_font_size=\u00bb18px\u00bb text_font_size_tablet=\u00bb18px\u00bb text_font_size_phone=\u00bb18px\u00bb text_font_size_last_edited=\u00bbon|desktop\u00bb text_orientation_tablet=\u00bbleft\u00bb text_orientation_phone=\u00bbleft\u00bb text_orientation_last_edited=\u00bbon|phone\u00bb global_colors_info=\u00bb{}\u00bb]<\/p>\n<p>&#8211; El contenido del sitio web es informativo y educativo, no constituye asesoramiento profesional.<\/p>\n<p>&#8211; No nos hacemos responsables de da\u00f1os derivados del uso de la informaci\u00f3n en el sitio.<\/p>\n<p>&#8211; El uso de im\u00e1genes, logotipos y contenido del sitio requiere autorizaci\u00f3n previa.<\/p>\n<p>&#8211; Nos reservamos el derecho de modificar estos t\u00e9rminos y condiciones, y se recomienda revisarlos peri\u00f3dicamente.<\/p>\n<p>Al acceder y utilizar nuestro sitio web, usted acepta estas pol\u00edticas y condiciones. Si tiene alguna pregunta, cont\u00e1ctenos.<\/p>\n<p>[\/et_pb_text][\/et_pb_column][\/et_pb_row][\/et_pb_section]<\/p>\n","protected":false},"excerpt":{"rendered":"<p>Pol\u00edtica de Privacidad:- Recopilamos informaci\u00f3n personal solo con su consentimiento para brindar servicios odontol\u00f3gicos y mejorar su experiencia en nuestro sitio web. &#8211; Garantizamos la confidencialidad de sus datos y no los compartiremos con terceros sin su autorizaci\u00f3n, salvo requerimiento legal.T\u00e9rminos y Condiciones:- El contenido del sitio web es informativo y educativo, no constituye asesoramiento [&hellip;]<\/p>\n","protected":false},"author":1,"featured_media":720,"parent":0,"menu_order":0,"comment_status":"closed","ping_status":"closed","template":"","meta":{"_et_pb_use_builder":"on","_et_pb_old_content":"","_et_gb_content_width":"","inline_featured_image":false,"_joinchat":[],"footnotes":""},"yoast_head":"<!-- This site is optimized with the Yoast SEO plugin v22.9 - https:\/\/yoast.com\/wordpress\/plugins\/seo\/ -->\n<title>Pol\u00edticas de Privacidad - Oral Harmony Dentists<\/title>\n<meta name=\"description\" content=\"Priorizamos tu privacidad. Descubre c\u00f3mo protegemos tus datos en Oral Harmony.\" \/>\n<meta name=\"robots\" content=\"index, follow, max-snippet:-1, max-image-preview:large, max-video-preview:-1\" \/>\n<link rel=\"canonical\" href=\"https:\/\/oralharmonydentists.com\/es\/politicas-de-privacidad\/\" \/>\n<meta property=\"og:locale\" content=\"es_ES\" \/>\n<meta property=\"og:type\" content=\"article\" \/>\n<meta property=\"og:title\" content=\"Pol\u00edticas de Privacidad - Oral Harmony Dentists\" \/>\n<meta property=\"og:description\" content=\"Priorizamos tu privacidad. Descubre c\u00f3mo protegemos tus datos en Oral Harmony.\" \/>\n<meta property=\"og:url\" content=\"https:\/\/oralharmonydentists.com\/es\/politicas-de-privacidad\/\" \/>\n<meta property=\"og:site_name\" content=\"Nuevo Oral Harmony\" \/>\n<meta property=\"article:modified_time\" content=\"2024-04-05T16:27:33+00:00\" \/>\n<meta property=\"og:image\" content=\"https:\/\/oralharmonydentists.com\/wp-content\/uploads\/2024\/04\/Favicon-Oral.png\" \/>\n\t<meta property=\"og:image:width\" content=\"500\" \/>\n\t<meta property=\"og:image:height\" content=\"500\" \/>\n\t<meta property=\"og:image:type\" content=\"image\/png\" \/>\n<meta name=\"twitter:card\" content=\"summary_large_image\" \/>\n<meta name=\"twitter:label1\" content=\"Tiempo de lectura\" \/>\n\t<meta name=\"twitter:data1\" content=\"1 minuto\" \/>\n<!-- \/ Yoast SEO plugin. -->","yoast_head_json":{"title":"Pol\u00edticas de Privacidad - Oral Harmony Dentists","description":"Priorizamos tu privacidad. Descubre c\u00f3mo protegemos tus datos en Oral Harmony.","robots":{"index":"index","follow":"follow","max-snippet":"max-snippet:-1","max-image-preview":"max-image-preview:large","max-video-preview":"max-video-preview:-1"},"canonical":"https:\/\/oralharmonydentists.com\/es\/politicas-de-privacidad\/","og_locale":"es_ES","og_type":"article","og_title":"Pol\u00edticas de Privacidad - Oral Harmony Dentists","og_description":"Priorizamos tu privacidad. Descubre c\u00f3mo protegemos tus datos en Oral Harmony.","og_url":"https:\/\/oralharmonydentists.com\/es\/politicas-de-privacidad\/","og_site_name":"Nuevo Oral Harmony","article_modified_time":"2024-04-05T16:27:33+00:00","og_image":[{"width":500,"height":500,"url":"https:\/\/oralharmonydentists.com\/wp-content\/uploads\/2024\/04\/Favicon-Oral.png","type":"image\/png"}],"twitter_card":"summary_large_image","twitter_misc":{"Tiempo de lectura":"1 minuto"},"schema":{"@context":"https:\/\/schema.org","@graph":[{"@type":"WebPage","@id":"https:\/\/oralharmonydentists.com\/es\/politicas-de-privacidad\/","url":"https:\/\/oralharmonydentists.com\/es\/politicas-de-privacidad\/","name":"Pol\u00edticas de Privacidad - Oral Harmony Dentists","isPartOf":{"@id":"https:\/\/oralharmonydentists.com\/es\/#website"},"primaryImageOfPage":{"@id":"https:\/\/oralharmonydentists.com\/es\/politicas-de-privacidad\/#primaryimage"},"image":{"@id":"https:\/\/oralharmonydentists.com\/es\/politicas-de-privacidad\/#primaryimage"},"thumbnailUrl":"https:\/\/oralharmonydentists.com\/wp-content\/uploads\/2024\/04\/Favicon-Oral.png","datePublished":"2024-04-01T15:41:35+00:00","dateModified":"2024-04-05T16:27:33+00:00","description":"Priorizamos tu privacidad. Descubre c\u00f3mo protegemos tus datos en Oral Harmony.","breadcrumb":{"@id":"https:\/\/oralharmonydentists.com\/es\/politicas-de-privacidad\/#breadcrumb"},"inLanguage":"es","potentialAction":[{"@type":"ReadAction","target":["https:\/\/oralharmonydentists.com\/es\/politicas-de-privacidad\/"]}]},{"@type":"ImageObject","inLanguage":"es","@id":"https:\/\/oralharmonydentists.com\/es\/politicas-de-privacidad\/#primaryimage","url":"https:\/\/oralharmonydentists.com\/wp-content\/uploads\/2024\/04\/Favicon-Oral.png","contentUrl":"https:\/\/oralharmonydentists.com\/wp-content\/uploads\/2024\/04\/Favicon-Oral.png","width":500,"height":500,"caption":"Oral Harmony"},{"@type":"BreadcrumbList","@id":"https:\/\/oralharmonydentists.com\/es\/politicas-de-privacidad\/#breadcrumb","itemListElement":[{"@type":"ListItem","position":1,"name":"Portada","item":"https:\/\/oralharmonydentists.com\/es\/"},{"@type":"ListItem","position":2,"name":"Pol\u00edticas de privacidad"}]},{"@type":"WebSite","@id":"https:\/\/oralharmonydentists.com\/es\/#website","url":"https:\/\/oralharmonydentists.com\/es\/","name":"Nuevo Oral Harmony","description":"","potentialAction":[{"@type":"SearchAction","target":{"@type":"EntryPoint","urlTemplate":"https:\/\/oralharmonydentists.com\/es\/?s={search_term_string}"},"query-input":"required name=search_term_string"}],"inLanguage":"es"}]}},"_links":{"self":[{"href":"https:\/\/oralharmonydentists.com\/es\/wp-json\/wp\/v2\/pages\/737"}],"collection":[{"href":"https:\/\/oralharmonydentists.com\/es\/wp-json\/wp\/v2\/pages"}],"about":[{"href":"https:\/\/oralharmonydentists.com\/es\/wp-json\/wp\/v2\/types\/page"}],"author":[{"embeddable":true,"href":"https:\/\/oralharmonydentists.com\/es\/wp-json\/wp\/v2\/users\/1"}],"replies":[{"embeddable":true,"href":"https:\/\/oralharmonydentists.com\/es\/wp-json\/wp\/v2\/comments?post=737"}],"version-history":[{"count":6,"href":"https:\/\/oralharmonydentists.com\/es\/wp-json\/wp\/v2\/pages\/737\/revisions"}],"predecessor-version":[{"id":1202,"href":"https:\/\/oralharmonydentists.com\/es\/wp-json\/wp\/v2\/pages\/737\/revisions\/1202"}],"wp:featuredmedia":[{"embeddable":true,"href":"https:\/\/oralharmonydentists.com\/es\/wp-json\/wp\/v2\/media\/720"}],"wp:attachment":[{"href":"https:\/\/oralharmonydentists.com\/es\/wp-json\/wp\/v2\/media?parent=737"}],"curies":[{"name":"wp","href":"https:\/\/api.w.org\/{rel}","templated":true}]}}